{"id":845,"date":"2025-05-26T13:29:46","date_gmt":"2025-05-26T11:29:46","guid":{"rendered":"https:\/\/staywin.stronywwwpomorze.pl\/regulamin\/"},"modified":"2025-05-26T13:31:04","modified_gmt":"2025-05-26T11:31:04","slug":"regulamin","status":"publish","type":"page","link":"https:\/\/staywin.stronywwwpomorze.pl\/en\/regulamin\/","title":{"rendered":"regulamin"},"content":{"rendered":"<section class=\"u-border-2 u-border-no-left u-border-no-right u-border-no-top u-border-palette-1-base u-clearfix u-image u-shading lazyload u-section-1\" id=\"sec-13e8\" data-bg=\"linear-gradient(to bottom, rgba(0, 0, 0, 0.65), rgba(0, 0, 0, 0.65)), url('https:\/\/staywin.stronywwwpomorze.pl\/wp-content\/uploads\/2025\/05\/gdansk-7505686_1280-2.jpg')\">\n      <div class=\"u-clearfix u-sheet u-sheet-1\">\n        <h1 class=\"u-text u-text-default-lg u-text-default-md u-text-default-sm u-text-default-xl u-text-1\">Terms and Conditions<\/h1>\n        <h2 class=\"u-text u-text-default-lg u-text-default-md u-text-default-sm u-text-default-xl u-text-palette-1-base u-text-2\">Find your dream apartment for a stay in Gda\u0144sk<\/h2>\n      <\/div>\n    <\/section>\n    <section class=\"u-clearfix u-gradient u-section-2\" id=\"sec-359e\">\n      <div class=\"u-clearfix u-sheet u-sheet-1\"><\/div>\n    <\/section>\n    <section class=\"u-clearfix u-section-3\" id=\"sec-0e44\">\n      <div class=\"u-clearfix u-sheet u-sheet-1\">\n        <h2 class=\"u-align-left u-text u-text-default u-text-1\"> WARUNKI REZERWACJI I OG\u00d3LNE WARUNKI KORZYSTANIA Z LOKALU PRZEZ KLIENTA<\/h2>\n      <\/div>\n    <\/section>\n    <section class=\"u-clearfix u-section-4\" id=\"sec-f78b\">\n      <div class=\"u-clearfix u-sheet u-sheet-1\">\n        <p class=\"u-align-left u-text u-text-1\">\n          <span style=\"font-weight: 700;\"><\/span>Staywin.pl Bartosz Wilczy\u0144ski \u2013 firma, pod kt\u00f3r\u0105 Bartosz \nWilczy\u0144ski (zwany dalej \u201eStaywin\u201d), b\u0119d\u0105cy stron\u0105 umowy najmu \nApartamentu na pobyt wypoczynkowy lub turystyczny z Klientem, prowadzi \ndzia\u0142alno\u015b\u0107 gospodarcz\u0105, z siedzib\u0105 w Gda\u0144sku 80-453, ul. Kunickiego 39,\n numer NIP:5842430933.<br>Klient \u2013 osoba fizyczna lub \nprawna, b\u0119d\u0105ca stron\u0105 umowy o czasowe korzystanie z lokalu mieszkalnego \n(umowy najmu apartamentu na pobyt wypoczynkowy lub turystyczny), \nb\u0119d\u0105cego w dyspozycji Staywin.<br>Apartament lub Lokal \u2013 \nlokal mieszkalny, szczeg\u00f3\u0142owo opisany w ofercie przedstawionej na \nstronie internetowej staywin.pl, kt\u00f3ry Klient wynajmuje na pobyt czasowy\n w celach wypoczynkowych lub turystycznych.&nbsp;<br>\n          <br>\n          <span style=\"font-weight: 700;\">\u00a7 1<br>Postanowienia og\u00f3lne\n          <\/span>\n          <br>1.\n Niniejsze og\u00f3lne warunki korzystania z lokali(zwane dalej \u201eOg\u00f3lnymi \nWarunkami\u201d) stanowi\u0105 integraln\u0105 cz\u0119\u015b\u0107 umowy najmu Apartamentu na pobyt \nwypoczynkowy lub turystyczny zawartej pomi\u0119dzy Klientem a Staywin, b\u0105d\u017a \npe\u0142nomocnikiem reprezentuj\u0105cym Staywin.<br>2. Staywin \no\u015bwiadcza, \u017ce na mocy umowy z w\u0142a\u015bcicielem lokalu mieszkalnego, zwanego \ndalej Apartamentem jest uprawniony w ramach sprawowanego zarz\u0105du najmem \ndo \u015bwiadczenia us\u0142ug czasowego udost\u0119pniania Apartamentu Klientom na \nkr\u00f3tkotrwa\u0142e pobyty wypoczynkowe lub turystyczne.<br>3. \nZawieraj\u0105c umow\u0119 najmu ze Staywin, Klient wyra\u017ca jednocze\u015bnie zgod\u0119 na \nprzetwarzanie swoich danych osobowych dla potrzeb niezb\u0119dnych do \nrealizacji procesu rezerwacji oraz w celach marketingowych zgodnie z \nUstaw\u0105 z dnia 29.08.1997 o Ochronie Danych Osobowych (Dz. Ust. Nr. \n133\/1997 pozycja 833).&nbsp;<br>\n          <br>\n          <span style=\"font-weight: 700;\">\u00a7 2<br>Booking\n          <\/span>\n          <br>1.\n Aktualny katalog Apartament\u00f3w do kr\u00f3tkotrwa\u0142ego, turystycznego wynajmu \nwraz z ich szczeg\u00f3\u0142owym opisem znajduje si\u0119 na stronie internetowej \nwww.staywin.pl.<br>2. Rezerwacji Apartamentu Klient mo\u017ce \ndokonywa\u0107 on-line na stronie www.staywin.pl, drog\u0105 elektroniczn\u0105 \n(e-mail) lub telefonicznie. Klient o\u015bwiadcza, \u017ce jest osob\u0105 pe\u0142noletni\u0105 i\n posiada pe\u0142n\u0105 zdolno\u015b\u0107 do czynno\u015bci prawnych.<br>3. \nKlient, po rezerwacji Apartamentu, otrzymuje drog\u0105 e-mailow\u0105 (na adres \ne-mailowy wskazany przez Klienta przy rezerwacji Apartamentu) \npotwierdzenie dokonania rezerwacji Apartamentu (zwane dalej \n\u201ePotwierdzeniem Rezerwacji\u201d\u201d), zawieraj\u0105ce opis Apartamentu, miejsce, \nczas i op\u0142at\u0119 za najem oraz spos\u00f3b zap\u0142aty. W przypadku nieotrzymania \nwiadomo\u015bci e-mail Klient ma obowi\u0105zek skontaktowa\u0107 si\u0119 telefonicznie z \ncentrum rezerwacji w ci\u0105gu 24h. Potwierdzenie Rezerwacji stanowi \nzawarcie umowy najmu Apartamentu na warunkach okre\u015blonych w \nPotwierdzeniu Rezerwacji i w niniejszych Og\u00f3lnych Warunkach, kt\u00f3re \nstanowi\u0105 integraln\u0105 cz\u0119\u015b\u0107 umowy najmu.<br>4. Zdj\u0119cia i \nopisy na stronie internetowej maj\u0105 jedynie charakter informacyjny i nie \nstanowi\u0105 oferty handlowej w rozumieniu Art. 66 par.1 Kodeksu Cywilnego.&nbsp;<br>\n          <br>\n          <span style=\"font-weight: 700;\">\u00a7 3<br>Op\u0142ata za us\u0142ug\u0119 i warunki p\u0142atno\u015bci:\n          <\/span>\n          <br>1.\n Op\u0142ata za wynajem apartamentu na pobyt turystyczny jest ka\u017cdorazowo \npodana w Potwierdzeniu Rezerwacji (\u00a7 2 ust. 3 Og\u00f3lnych Warunk\u00f3w).<br>2. Op\u0142ata wskazana w ofercie cenowej na stronie internetowej i w Potwierdzeniu Rezerwacji zawiera 8% podatek od towar\u00f3w i us\u0142ug.<br>3.\n Op\u0142ata za us\u0142ug\u0119 nie obejmuje dodatkowego sprz\u0105tania, dodatkowej \nwymiany po\u015bcieli i r\u0119cznik\u00f3w, wypo\u017cyczenia \u0142\u00f3\u017ceczka dzieci\u0119cego, pobytu \nzwierz\u0119cia oraz kosztu parkingu.\n4. Istnieje mo\u017cliwo\u015b\u0107 wykupienia \u0142\u00f3\u017ceczka dzieci\u0119cego i miejsca\n parkingowego za dodatkow\u0105 op\u0142at\u0105 (rezerwacji i op\u0142aty miejsca \nparkingowego dokonuje si\u0119 w momencie dokonywania rezerwacji). Klient \npowinien zg\u0142osi\u0107 ch\u0119\u0107 wykupienia \u0142\u00f3\u017ceczka dzieci\u0119cego przed przyjazdem, a\n op\u0142aty dokona\u0107 w momencie zameldowania. Op\u0142ata za wykupienie \u0142\u00f3\u017ceczka \nwynosi 150 z\u0142otych.\n5. Istnieje mo\u017cliwo\u015b\u0107 pobytu w apartamencie ze zwierz\u0119ciem, \nje\u017celi jego waga nie przekracza 10 kg. Klient powinien zg\u0142osi\u0107 ch\u0119\u0107 \npobytu w apartamencie ze zwierz\u0119ciem przed przyjazdem, a op\u0142aty dokona\u0107 w\n momencie zameldowania. Op\u0142ata za pobyt ze zwierz\u0119ciem wynosi 200 \nz\u0142otych. Je\u017celi jednak pobyt trwa d\u0142u\u017cej ni\u017c tydzie\u0144, op\u0142ata za pobyt ze\n zwierz\u0119ciem b\u0119dzie ustalana indywidualnie.&nbsp;&nbsp;<br>6. Dokonuj\u0105c rezerwacji online Klient zabezpiecza rezerwacj\u0119 \nkart\u0105 p\u0142atnicz\u0105. W przypadku rezerwacji bezzwrotnej p\u0142atno\u015b\u0107 pobierana \njest w dowolnym momencie, zazwyczaj nast\u0119pnego dnia po jej dokonaniu. W \nprzypadku rezerwacji, zabezpieczonej mo\u017cliwo\u015bci\u0105 bezp\u0142atnego odwo\u0142ania \nrezerwacji do 7 dni przed zakwaterowaniem, obci\u0105\u017cenie karty nast\u0119puje \nnajwcze\u015bniej 7 dni przed zakwaterowaniem w apartamencie.&nbsp;<br>7.\n Na zabezpieczenie ewentualnych roszcze\u0144 odszkodowawczych Staywin dokona\n preautoryzacji karty w wysoko\u015bci 400 z\u0142 na poczet kaucji. Kaucja jest \nnieoprocentowana i ulega odblokowaniu w 14 dniu od dnia zablokowania \n\u015brodk\u00f3w. Apartamenty zlokalizoawne przy ul. Ksi\u0119dza Jerzego Popie\u0142uszki \nobowi\u0105zuje preautoryzacja w wysoko\u015bci 1000 z\u0142otych.&nbsp;<br>\n          <br>\n          <span style=\"font-weight: 700;\">\u00a7 4<br>Zmiana oraz anulowanie rezerwacji przez Klienta&nbsp;\n          <\/span>\n          <br>1. Zmiana rezerwacji jest mo\u017cliwa na wi\u0119cej ni\u017c 7 dni przed \nprzyjazdem, wy\u0142\u0105cznie, gdy apartament jest dost\u0119pny w nowym \nzaproponowanym przez Klienta terminie. Nie ma mo\u017cliwo\u015bci zmiany terminu \nrezerwacji je\u015bli zosta\u0142a ona dokonana jako rezerwacja bezzwrotna.<br> 2. Gdy zmiana rezerwacji nie jest mo\u017cliwa, a Klient odst\u0105pi\u0142 od\n umowy, anulowa\u0142 rezerwacj\u0119 lub nie wype\u0142ni\u0142 warunk\u00f3w umowy (brak \nprzyjazdu), Staywin ma prawo zatrzyma\u0107 ca\u0142\u0105 op\u0142at\u0119 za rezerwacj\u0119.&nbsp;\n3. Je\u015bli Klient odst\u0119puje od umowy nie z winy \nStaywin, ponosi on ca\u0142kowity koszt rezerwacji. W takim przypadku op\u0142ata \nza rezerwacj\u0119 nie podlega zwrotowi.&nbsp;&nbsp;<br>\n          <br>\n          <span style=\"font-weight: 700;\">\u00a7 5<br>Zmiana oraz anulowanie rezerwacji przez Staywin\n          <\/span>\n          <br>1.\n Zmiana rezerwacji przez Staywin jest mo\u017cliwa wy\u0142\u0105cznie w przypadku \nwyst\u0105pienia si\u0142y wy\u017cszej, uniemo\u017cliwiaj\u0105cej spe\u0142nienie \u015bwiadczenia ze \nstrony Staywin. Przez si\u0142\u0119 wy\u017csz\u0105 rozumie si\u0119: kataklizmy przyrody, \nzaj\u0119cie apartamentu przez jakikolwiek organ w\u0142adzy pa\u0144stwowej w \njakimkolwiek celu, strajki, wojny i zamieszki oraz pozbawienie \napartamentu pr\u0105du, gazu, energii grzewczej lub wody przez dostawc\u00f3w tych\n medi\u00f3w bez winy Staywin. W przypadku zaistnienia si\u0142y wy\u017cszej, Staywin \nma obowi\u0105zek zaproponowa\u0107 Klientowi inny apartament lub inny termin \nnajmu albo odst\u0105pi\u0107 od umowy zwracaj\u0105c Klientowi wp\u0142acon\u0105 op\u0142at\u0119 za \nrezerwacj\u0119, je\u015bli zosta\u0142a pobrana.&nbsp;<br>2. W wyj\u0105tkowych \nsytuacjach (awarii w apartamencie lub innego zdarzenia losowego) Staywin\n zastrzega sobie mo\u017cliwo\u015b\u0107 udost\u0119pnienia lokalu zamiennego o parametrach\n i powierzchni podobnej do zarezerwowanego apartamentu, w tej samej \nmiejscowo\u015bci. W przypadku braku zgody Klienta na apartament zast\u0119pczy \numowa ulega rozwi\u0105zaniu, a Staywin ma obowi\u0105zek zwr\u00f3ci\u0107 Klientowi \nwp\u0142acon\u0105 przez niego op\u0142at\u0119.<br>3. W przypadku zmiany lub \nanulowania rezerwacji przez Staywin z przyczyn niewymienionych w ust. 1 \nlub 2 powy\u017cej, Staywin ma obowi\u0105zek zwr\u00f3ci\u0107 Klientowi wp\u0142acon\u0105 przez \nniego op\u0142at\u0119 za rezerwacj\u0119 apartamentu.&nbsp;&nbsp;<br>\n          <br>\n          <span style=\"font-weight: 700;\">\u00a7 6<br>Zasady pobytu Klienta w apartamencie\n          <\/span>\n          <br>1.\n Pobyt w Apartamencie zaczyna si\u0119 od godziny 15.00 w pierwszym dniu \nzarezerwowanego terminu. Klient zobowi\u0105zany jest dokona\u0107 odbioru \napartamentu o ustalonej przez strony godzinie, sprawdzaj\u0105c jego stan \ntechniczny i czysto\u015b\u0107. Je\u015bli przyjazd jest planowany w godzinach innych \nni\u017c godziny pracy biura Staywin, Klient ma obowi\u0105zek powiadomi\u0107 o tym \nStaywin, co najmniej 24 godziny przed przyjazdem. W przypadku przyjazdu \npo godzinach pracy biura obowi\u0105zuje dodatkowa op\u0142ata w wysoko\u015bci 30 pln.<br>2.\n Zako\u0144czenie pobytu nast\u0119puje o godzinie 10.30 w ostatnim dniu \nzarezerwowanego terminu. Do godz. 10.30 lub innej godziny ustalonej ze \nStaywin, Klient jest zobowi\u0105zany zwr\u00f3ci\u0107 Staywin klucze od apartamentu.<br>3.\n Klient zobowi\u0105zany jest do przestrzegania ciszy nocnej, zasad BHP oraz \nPPO\u017b obiektu. W godzinach od 22:00 do 06:00 zabronione s\u0105 wszelkie \nzachowania zak\u0142\u00f3caj\u0105ce wypoczynek mieszka\u0144c\u00f3w.<br>4. Klient\n zobowi\u0105zuje si\u0119 do eksploatacji Apartamentu zgodnie z jego \nprzeznaczeniem, nieusuwania z Apartamentu jakichkolwiek element\u00f3w jego \nwyposa\u017cenia i dekoracji, jak r\u00f3wnie\u017c zobowi\u0105zuje si\u0119 do nie kopiowania \noddanych mu na czas pobytu kluczy do Apartamentu.<br>5. \nPalenie w Apartamencie, na balkonie lub tarasie jest zabronione. Klient \nnie przestrzegaj\u0105cy tego zakazu zostanie obci\u0105\u017cony op\u0142at\u0105 w wysoko\u015bci \nPLN 400, stanowi\u0105c\u0105 r\u00f3wnowa\u017cno\u015b\u0107 koszt\u00f3w prania zas\u0142on i narzut w \napartamencie.<br>6. Klient jest zobowi\u0105zany ka\u017cdorazowo \nzabezpieczy\u0107 Apartament w przypadku jego opuszczenia, zamykaj\u0105c okna i \ndrzwi wej\u015bciowe na klucz oraz mie\u0107 starann\u0105 piecz\u0119 nad kluczem.<br>7.\n Klient zobowi\u0105zuje si\u0119 do dopilnowania, aby liczba os\u00f3b przebywaj\u0105cych z\n nim w Apartamencie nie przekracza\u0142a tej, kt\u00f3ra zosta\u0142a okre\u015blona, jako \nmaksymalna w katalogu na stronie internetowej lub w Potwierdzeniu \nRezerwacji.<br>8. Klient zobowi\u0105zuje si\u0119 do nie przetrzymywania zwierz\u0105t w Apartamencie (chyba, \u017ce zgodnie z par. 3 pkt. 5 uzgodniono inaczej)<br>9.\n Klient oraz osoby mu towarzysz\u0105ce s\u0105 zobowi\u0105zane do umo\u017cliwienia ich \nczasowego zameldowania w Apartamencie przez Staywin, okazuj\u0105c stosowne \ndokumenty (dow\u00f3d osobisty, paszport).<br>10. W trakcie \npobytu w Apartamencie Klient ma prawo zg\u0142asza\u0107 wszelkie uwagi i \u017c\u0105dania \npod numer telefonu znajduj\u0105cy si\u0119 w pisemnej informacji znajduj\u0105cej si\u0119 w\n Apartamencie. Klient zobowi\u0105zany jest zg\u0142osi\u0107 Staywin wszelkie braki \nwyposa\u017cenia lub usterki zauwa\u017cone w apartamnecie w ci\u0105gu 3 godzin od \nmomentu otrzymania kluczy do Apartamentu. Nie zg\u0142oszenie brak\u00f3w jest \nr\u00f3wnoznaczne z potwierdzeniem przez Klienta, \u017ce apartament jest wolny od\n usterek i w pe\u0142ni wyposa\u017cony.&nbsp;<br>11. Klient ponosi \nca\u0142kowit\u0105 odpowiedzialno\u015b\u0107 za szkody w Apartamencie lub jego wyposa\u017ceniu\n oraz nieruchomo\u015bci wsp\u00f3lnej, w tym w cz\u0119\u015bciach wsp\u00f3lnych budynku, w \nkt\u00f3rym po\u0142o\u017cony jest Apartament, jak i w mieszkaniach s\u0105siaduj\u0105cych, nie\n wynikaj\u0105ce z normalnego u\u017cytkowania Apartamentu, wyrz\u0105dzone przez \nKlienta oraz przez osoby przebywaj\u0105ce z nim w Apartamencie.<br>12.\n Klient jest zobowi\u0105zany do naprawienia szk\u00f3d wyrz\u0105dzonych w \nApartamencie oraz osobom trzecim zar\u00f3wno w Apartamencie jak i w \nnieruchomo\u015bciach wsp\u00f3lnych, w tym w cz\u0119\u015bciach wsp\u00f3lnych budynku, jak i \nlokalach s\u0105siednich, przez siebie oraz osoby, za kt\u00f3re ponosi \nodpowiedzialno\u015b\u0107. Klient zobowi\u0105zany jest do poinformowania Staywin o \nwszelkich usterkach, zniszczeniach lub szkodzie wyrz\u0105dzonej przez niego i\n osoby, za kt\u00f3re ponosi odpowiedzialno\u015b\u0107.<br>13. Tytu\u0142em \nzabezpieczenia wykonania zobowi\u0105zania, o kt\u00f3rym mowa w ust\u0119pie \npoprzedzaj\u0105cym, Staywin blokuje na karcie Klienta kaucj\u0119, o kt\u00f3rej mowa w\n \u00a7 3 ust. 10, podczas wydawania kluczy do Apartamentu. Kaucja podlega \nodblokowaniu w 14 dniu od momentu jej zablokowania, po potr\u0105ceniu \nr\u00f3wnowarto\u015bci ewentualnych szk\u00f3d.&nbsp;<br>14. W przypadku szk\u00f3d\n wyrz\u0105dzonych przez Klienta lub inne osoby przebywaj\u0105ce w Apartamencie, \npodczas najmu Apartamentu przez Klienta, w substancji b\u0105d\u017a wyposa\u017ceniu \nApartamentu lub cz\u0119\u015bciach wsp\u00f3lnych budynku, wynikaj\u0105cych z \nniew\u0142a\u015bciwego jego u\u017cytkowania, koszty naprawy szk\u00f3d zostan\u0105 w ca\u0142o\u015bci \npokryte przez Klienta poprzez zatrzymanie przez Staywin cz\u0119\u015bci lub \nca\u0142o\u015b\u0107 kaucji i\/lub obci\u0105\u017cenie karty kredytowej Klienta. Koszt naprawy \nzostanie oszacowany w oparciu o lokalne ceny rynkowe.<br>15.\n Potr\u0105cenie nale\u017cno\u015bci z kaucji nie wy\u0142\u0105cza dochodzenia roszcze\u0144 przez \nStaywin z tytu\u0142u poniesionych szk\u00f3d, kt\u00f3rych warto\u015b\u0107 przewy\u017csza pobran\u0105 \nkaucj\u0119. Klient zobowi\u0105zany jest wp\u0142aci\u0107 pe\u0142n\u0105 kwot\u0119 na pokrycie \nwyrz\u0105dzonych szk\u00f3d w terminie 5 dni od otrzymania pisemnego wezwania od \nStaywin.<br>16. Klient ponosi pe\u0142n\u0105 odpowiedzialno\u015b\u0107 za \npowierzone mu klucze do Apartamentu oraz piloty do bram wjazdowych (o \nile rezerwacja obejmuje miejsce gara\u017cowe). Zagubienie klucza lub pilota \nobci\u0105\u017cone jest dodatkow\u0105 op\u0142at\u0105 w wysoko\u015bci 500 z\u0142otych.&nbsp;<br>\n          <br>\n          <span style=\"font-weight: 700;\">\u00a7 7<\/span>\n          <br>\n          <span style=\"font-weight: 700;\">Zako\u0144czenie pobytu<\/span>\n          <br>1. W dniu wyjazdu Klient jest zobowi\u0105zany opu\u015bci\u0107 lokal do godziny 10.30<br>2. Klient jest zobowi\u0105zany zwr\u00f3ci\u0107 otrzymane w chwili zakwaterowania klucze oraz piloty do bram wjazdowych do biura STAYWIN&nbsp;<br>\n          <br>\n          <span style=\"font-weight: 700;\">\u00a7 8<br>Reklamacje\n          <\/span>\n          <br>1. Pod poj\u0119ciem reklamacji nale\u017cy rozumie\u0107 wszelkie wnioski, skargi i za\u017calenia Klienta dotycz\u0105ce:<br>a.\n warunk\u00f3w pobytu w wynaj\u0119tym Apartamencie odbiegaj\u0105cych od standardu \nokre\u015blonego w ofercie znajduj\u0105cej si\u0119 na stronie internetowej \nwww.staywin.pl<br>b. standard\u00f3w obs\u0142ugi Klienta<br>c. zale\u017cnych od Staywin okoliczno\u015bci maj\u0105cych istotny wp\u0142yw na standard pobytu w Apartamencie.<br>2.\n Reklamacje winny by\u0107 zg\u0142aszane Staywin w formie pisemnej, ustnej \n(poprzez zg\u0142oszenie telefoniczne lub osobiste w biurze) lub mailowo.&nbsp;<br>3.\n Wnosz\u0105cy reklamacj\u0119 w formie pisemnej lub mailowej, winien poda\u0107 swoje \ndane personalne wraz z aktualnym adresem korespondencyjnym, adresem \npoczty elektronicznej, numerem telefonu kontaktowego oraz numerem \nrezerwacji.<br>4. Reklamacja powinna zawiera\u0107 oznaczenie \nLokalu zajmowanego przez reklamuj\u0105cego oraz kompletny opis sytuacji \npodlegaj\u0105cej reklamacji, jak r\u00f3wnie\u017c precyzyjne okre\u015blenie roszczenia.<br>5.\n Reklamacje posiadaj\u0105ce wymagan\u0105 form\u0119 oraz tre\u015b\u0107 b\u0119d\u0105 rozpatrywane w \nterminie 14 dni roboczych od daty ich otrzymania przez Staywin.&nbsp;<br>\n          <br>\n          <span style=\"font-weight: 700;\">\u00a7 9<br>Ograniczenie odpowiedzialno\u015bci\n          <\/span>\n          <br>1.\n Staywin nie ponosi odpowiedzialno\u015bci za utrudnienia w dost\u0119pie do \nsystemu rezerwacyjnego na stronie internetowej www.staywin.pl z przyczyn\n niezale\u017cnych od Staywin. Staywin mo\u017ce zawiesi\u0107 dost\u0119p do serwisu \nwww.staywin.pl na okres niezb\u0119dny do usuni\u0119cia przeszk\u00f3d technicznych i \norganizacyjnych.<br>2. Zar\u00f3wno Staywin jak i w\u0142a\u015bciciel \nApartamentu nie ponosz\u0105 odpowiedzialno\u015bci za mienie Klienta pozostawione\n w Apartamencie, w szczeg\u00f3lno\u015bci za jego utrat\u0119 lub uszkodzenie.<br>3.\n Zar\u00f3wno Staywin jak i w\u0142a\u015bciciel Apartamentu nie ponosz\u0105 \nodpowiedzialno\u015bci za jakiekolwiek niedogodno\u015bci mog\u0105ce wyst\u0105pi\u0107 w \ntrakcie pobytu Klienta w Apartamencie, z przyczyn niele\u017c\u0105cych po stronie\n Staywin lub w\u0142a\u015bciciela, w tym w szczeg\u00f3lno\u015bci spowodowane przerw\u0105 w \ndostawie pr\u0105du, gazu, wody, jak r\u00f3wnie\u017c pracami konserwatorskimi w \nbudynku, w kt\u00f3rym znajduje si\u0119 Apartament oraz w obr\u0119bie budynku i na \nzewn\u0105trz.\n        <\/p>\n      <\/div>\n    <\/section>","protected":false},"excerpt":{"rendered":"<p>Regulamin Znajd\u017a sw\u00f3j wymarzony apartament na pobyt w Gda\u0144sku WARUNKI REZERWACJI I OG\u00d3LNE WARUNKI KORZYSTANIA Z LOKALU PRZEZ KLIENTA Staywin.pl Bartosz Wilczy\u0144ski \u2013 firma, pod kt\u00f3r\u0105 Bartosz Wilczy\u0144ski (zwany dalej \u201eStaywin\u201d), b\u0119d\u0105cy stron\u0105 umowy najmu Apartamentu na pobyt wypoczynkowy lub turystyczny z Klientem, prowadzi dzia\u0142alno\u015b\u0107 gospodarcz\u0105, z siedzib\u0105 w Gda\u0144sku 80-453, ul. Kunickiego 39, numer &hellip; <a href=\"https:\/\/staywin.stronywwwpomorze.pl\/en\/regulamin\/\" class=\"more-link\">Continue reading<span class=\"screen-reader-text\"> &#8222;regulamin&#8221;<\/span><\/a><\/p>","protected":false},"author":1,"featured_media":0,"parent":0,"menu_order":55,"comment_status":"closed","ping_status":"closed","template":"","meta":{"footnotes":""},"class_list":["post-845","page","type-page","status-publish","hentry"],"_links":{"self":[{"href":"https:\/\/staywin.stronywwwpomorze.pl\/en\/wp-json\/wp\/v2\/pages\/845","targetHints":{"allow":["GET"]}}],"collection":[{"href":"https:\/\/staywin.stronywwwpomorze.pl\/en\/wp-json\/wp\/v2\/pages"}],"about":[{"href":"https:\/\/staywin.stronywwwpomorze.pl\/en\/wp-json\/wp\/v2\/types\/page"}],"author":[{"embeddable":true,"href":"https:\/\/staywin.stronywwwpomorze.pl\/en\/wp-json\/wp\/v2\/users\/1"}],"replies":[{"embeddable":true,"href":"https:\/\/staywin.stronywwwpomorze.pl\/en\/wp-json\/wp\/v2\/comments?post=845"}],"version-history":[{"count":1,"href":"https:\/\/staywin.stronywwwpomorze.pl\/en\/wp-json\/wp\/v2\/pages\/845\/revisions"}],"predecessor-version":[{"id":973,"href":"https:\/\/staywin.stronywwwpomorze.pl\/en\/wp-json\/wp\/v2\/pages\/845\/revisions\/973"}],"wp:attachment":[{"href":"https:\/\/staywin.stronywwwpomorze.pl\/en\/wp-json\/wp\/v2\/media?parent=845"}],"curies":[{"name":"wp","href":"https:\/\/api.w.org\/{rel}","templated":true}]}}